{"id":1701,"date":"2025-08-20T15:07:25","date_gmt":"2025-08-20T15:07:25","guid":{"rendered":"https:\/\/axiainversiones.com\/?page_id=1701"},"modified":"2025-09-25T20:01:36","modified_gmt":"2025-09-25T20:01:36","slug":"blog","status":"publish","type":"page","link":"https:\/\/axiainversiones.com\/en\/blog\/","title":{"rendered":"Blog"},"content":{"rendered":"<div data-elementor-type=\"wp-page\" data-elementor-id=\"1701\" class=\"elementor elementor-1701\" data-elementor-post-type=\"page\">\n\t\t\t\t<div class=\"elementor-element elementor-element-4cd7988 e-con-full e-flex e-con e-parent\" data-id=\"4cd7988\" data-element_type=\"container\" data-e-type=\"container\" data-settings=\"{&quot;background_background&quot;:&quot;gradient&quot;}\">\n\t\t\t\t<div class=\"elementor-element elementor-element-c892153 elementor-widget__width-initial elementor-widget elementor-widget-heading\" data-id=\"c892153\" data-element_type=\"widget\" data-e-type=\"widget\" data-widget_type=\"heading.default\">\n\t\t\t\t\t<h1 class=\"elementor-heading-title elementor-size-default\">Blog<\/h1>\t\t\t\t<\/div>\n\t\t\t\t<\/div>\n\t\t<div class=\"elementor-element elementor-element-38281cc6 e-con-full e-flex e-con e-parent\" data-id=\"38281cc6\" data-element_type=\"container\" data-e-type=\"container\">\n\t\t<div class=\"elementor-element elementor-element-7508fdf2 e-con-full e-flex e-con e-child\" data-id=\"7508fdf2\" data-element_type=\"container\" data-e-type=\"container\">\n\t\t\t\t<div class=\"elementor-element elementor-element-511bb1ca elementor-widget elementor-widget-heading\" data-id=\"511bb1ca\" data-element_type=\"widget\" data-e-type=\"widget\" data-widget_type=\"heading.default\">\n\t\t\t\t\t<h2 class=\"elementor-heading-title elementor-size-default\">Real estate investment blog <\/h2>\t\t\t\t<\/div>\n\t\t\t\t<div class=\"elementor-element elementor-element-4dcef695 elementor-toc--minimized-on-tablet elementor-widget elementor-widget-table-of-contents\" data-id=\"4dcef695\" data-element_type=\"widget\" data-e-type=\"widget\" data-settings=\"{&quot;exclude_headings_by_selector&quot;:[],&quot;no_headings_message&quot;:&quot;No se ha encontrado ning\\u00fan encabezado en esta p\\u00e1gina.&quot;,&quot;headings_by_tags&quot;:[&quot;h2&quot;,&quot;h3&quot;,&quot;h4&quot;,&quot;h5&quot;,&quot;h6&quot;],&quot;marker_view&quot;:&quot;numbers&quot;,&quot;minimize_box&quot;:&quot;yes&quot;,&quot;minimized_on&quot;:&quot;tablet&quot;,&quot;hierarchical_view&quot;:&quot;yes&quot;,&quot;min_height&quot;:{&quot;unit&quot;:&quot;px&quot;,&quot;size&quot;:&quot;&quot;,&quot;sizes&quot;:[]},&quot;min_height_tablet&quot;:{&quot;unit&quot;:&quot;px&quot;,&quot;size&quot;:&quot;&quot;,&quot;sizes&quot;:[]},&quot;min_height_mobile&quot;:{&quot;unit&quot;:&quot;px&quot;,&quot;size&quot;:&quot;&quot;,&quot;sizes&quot;:[]}}\" data-widget_type=\"table-of-contents.default\">\n\t\t\t\t\t\t\t\t\t<div class=\"elementor-toc__header\">\n\t\t\t\t\t\t<h3 class=\"elementor-toc__header-title\">\n\t\t\t\tReal estate blog table of contents \t\t\t<\/h3>\n\t\t\t\t\t\t\t\t\t\t<div class=\"elementor-toc__toggle-button elementor-toc__toggle-button--expand\" role=\"button\" tabindex=\"0\" aria-controls=\"elementor-toc__4dcef695\" aria-expanded=\"true\" aria-label=\"Open table of contents\" data-no-translation-aria-label=\"\"><svg aria-hidden=\"true\" class=\"e-font-icon-svg e-fas-chevron-down\" viewbox=\"0 0 448 512\" xmlns=\"http:\/\/www.w3.org\/2000\/svg\"><path d=\"M207.029 381.476L12.686 187.132c-9.373-9.373-9.373-24.569 0-33.941l22.667-22.667c9.357-9.357 24.522-9.375 33.901-.04L224 284.505l154.745-154.021c9.379-9.335 24.544-9.317 33.901.04l22.667 22.667c9.373 9.373 9.373 24.569 0 33.941L240.971 381.476c-9.373 9.372-24.569 9.372-33.942 0z\"><\/path><\/svg><\/div>\n\t\t\t\t<div class=\"elementor-toc__toggle-button elementor-toc__toggle-button--collapse\" role=\"button\" tabindex=\"0\" aria-controls=\"elementor-toc__4dcef695\" aria-expanded=\"true\" aria-label=\"Close table of contents\" data-no-translation-aria-label=\"\"><svg aria-hidden=\"true\" class=\"e-font-icon-svg e-fas-chevron-up\" viewbox=\"0 0 448 512\" xmlns=\"http:\/\/www.w3.org\/2000\/svg\"><path d=\"M240.971 130.524l194.343 194.343c9.373 9.373 9.373 24.569 0 33.941l-22.667 22.667c-9.357 9.357-24.522 9.375-33.901.04L224 227.495 69.255 381.516c-9.379 9.335-24.544 9.317-33.901-.04l-22.667-22.667c-9.373-9.373-9.373-24.569 0-33.941L207.03 130.525c9.372-9.373 24.568-9.373 33.941-.001z\"><\/path><\/svg><\/div>\n\t\t\t\t\t<\/div>\n\t\t\t\t<div id=\"elementor-toc__4dcef695\" class=\"elementor-toc__body\">\n\t\t\t<div class=\"elementor-toc__spinner-container\">\n\t\t\t\t<svg class=\"elementor-toc__spinner eicon-animation-spin e-font-icon-svg e-eicon-loading\" aria-hidden=\"true\" viewbox=\"0 0 1000 1000\" xmlns=\"http:\/\/www.w3.org\/2000\/svg\"><path d=\"M500 975V858C696 858 858 696 858 500S696 142 500 142 142 304 142 500H25C25 237 238 25 500 25S975 237 975 500 763 975 500 975Z\"><\/path><\/svg>\t\t\t<\/div>\n\t\t<\/div>\n\t\t\t\t\t\t<\/div>\n\t\t<div class=\"elementor-element elementor-element-128db7ca e-con-full e-flex e-con e-child\" data-id=\"128db7ca\" data-element_type=\"container\" data-e-type=\"container\">\n\t\t\t\t<div class=\"elementor-element elementor-element-15f18463 elementor-widget elementor-widget-heading\" data-id=\"15f18463\" data-element_type=\"widget\" data-e-type=\"widget\" data-widget_type=\"heading.default\">\n\t\t\t\t\t<h2 class=\"elementor-heading-title elementor-size-default\">Follow us on:<\/h2>\t\t\t\t<\/div>\n\t\t\t\t<div class=\"elementor-element elementor-element-18cfd4cf e-grid-align-left elementor-shape-rounded elementor-grid-0 elementor-widget elementor-widget-social-icons\" data-id=\"18cfd4cf\" data-element_type=\"widget\" data-e-type=\"widget\" data-widget_type=\"social-icons.default\">\n\t\t\t\t\t\t\t<div class=\"elementor-social-icons-wrapper elementor-grid\" role=\"list\">\n\t\t\t\t\t\t\t<span class=\"elementor-grid-item\" role=\"listitem\">\n\t\t\t\t\t<a class=\"elementor-icon elementor-social-icon elementor-social-icon-facebook elementor-repeater-item-3b3ffe6\" href=\"https:\/\/www.facebook.com\/axiainversiones?mibextid=wwXIfr&#038;rdid=ufEQBJ4Fgv0TPHBo&#038;share_url=https%3A%2F%2Fwww.facebook.com%2Fshare%2F1ExLzp63Vo%2F%3Fmibextid%3DwwXIfr#\" target=\"_blank\" rel=\"noopener\">\n\t\t\t\t\t\t<span class=\"elementor-screen-only\">Facebook<\/span>\n\t\t\t\t\t\t<svg aria-hidden=\"true\" class=\"e-font-icon-svg e-fab-facebook\" viewbox=\"0 0 512 512\" xmlns=\"http:\/\/www.w3.org\/2000\/svg\"><path d=\"M504 256C504 119 393 8 256 8S8 119 8 256c0 123.78 90.69 226.38 209.25 245V327.69h-63V256h63v-54.64c0-62.15 37-96.48 93.67-96.48 27.14 0 55.52 4.84 55.52 4.84v61h-31.28c-30.8 0-40.41 19.12-40.41 38.73V256h68.78l-11 71.69h-57.78V501C413.31 482.38 504 379.78 504 256z\"><\/path><\/svg>\t\t\t\t\t<\/a>\n\t\t\t\t<\/span>\n\t\t\t\t\t\t\t<span class=\"elementor-grid-item\" role=\"listitem\">\n\t\t\t\t\t<a class=\"elementor-icon elementor-social-icon elementor-social-icon-instagram elementor-repeater-item-ea95669\" href=\"https:\/\/www.instagram.com\/axiainversiones?igsh=MXFmZ2NmMGo3MHRzZQ%3D%3D&#038;utm_source=qr\" target=\"_blank\" rel=\"noopener\">\n\t\t\t\t\t\t<span class=\"elementor-screen-only\">Instagram<\/span>\n\t\t\t\t\t\t<svg aria-hidden=\"true\" class=\"e-font-icon-svg e-fab-instagram\" viewbox=\"0 0 448 512\" xmlns=\"http:\/\/www.w3.org\/2000\/svg\"><path d=\"M224.1 141c-63.6 0-114.9 51.3-114.9 114.9s51.3 114.9 114.9 114.9S339 319.5 339 255.9 287.7 141 224.1 141zm0 189.6c-41.1 0-74.7-33.5-74.7-74.7s33.5-74.7 74.7-74.7 74.7 33.5 74.7 74.7-33.6 74.7-74.7 74.7zm146.4-194.3c0 14.9-12 26.8-26.8 26.8-14.9 0-26.8-12-26.8-26.8s12-26.8 26.8-26.8 26.8 12 26.8 26.8zm76.1 27.2c-1.7-35.9-9.9-67.7-36.2-93.9-26.2-26.2-58-34.4-93.9-36.2-37-2.1-147.9-2.1-184.9 0-35.8 1.7-67.6 9.9-93.9 36.1s-34.4 58-36.2 93.9c-2.1 37-2.1 147.9 0 184.9 1.7 35.9 9.9 67.7 36.2 93.9s58 34.4 93.9 36.2c37 2.1 147.9 2.1 184.9 0 35.9-1.7 67.7-9.9 93.9-36.2 26.2-26.2 34.4-58 36.2-93.9 2.1-37 2.1-147.8 0-184.8zM398.8 388c-7.8 19.6-22.9 34.7-42.6 42.6-29.5 11.7-99.5 9-132.1 9s-102.7 2.6-132.1-9c-19.6-7.8-34.7-22.9-42.6-42.6-11.7-29.5-9-99.5-9-132.1s-2.6-102.7 9-132.1c7.8-19.6 22.9-34.7 42.6-42.6 29.5-11.7 99.5-9 132.1-9s102.7-2.6 132.1 9c19.6 7.8 34.7 22.9 42.6 42.6 11.7 29.5 9 99.5 9 132.1s2.7 102.7-9 132.1z\"><\/path><\/svg>\t\t\t\t\t<\/a>\n\t\t\t\t<\/span>\n\t\t\t\t\t\t\t<span class=\"elementor-grid-item\" role=\"listitem\">\n\t\t\t\t\t<a class=\"elementor-icon elementor-social-icon elementor-social-icon-tiktok elementor-repeater-item-f106704\" href=\"https:\/\/www.tiktok.com\/@axiainversiones?_t=ZS-8z4QhWC65yf&#038;_r=1\" target=\"_blank\" rel=\"noopener\">\n\t\t\t\t\t\t<span class=\"elementor-screen-only\">Tiktok<\/span>\n\t\t\t\t\t\t<svg aria-hidden=\"true\" class=\"e-font-icon-svg e-fab-tiktok\" viewbox=\"0 0 448 512\" xmlns=\"http:\/\/www.w3.org\/2000\/svg\"><path d=\"M448,209.91a210.06,210.06,0,0,1-122.77-39.25V349.38A162.55,162.55,0,1,1,185,188.31V278.2a74.62,74.62,0,1,0,52.23,71.18V0l88,0a121.18,121.18,0,0,0,1.86,22.17h0A122.18,122.18,0,0,0,381,102.39a121.43,121.43,0,0,0,67,20.14Z\"><\/path><\/svg>\t\t\t\t\t<\/a>\n\t\t\t\t<\/span>\n\t\t\t\t\t<\/div>\n\t\t\t\t\t\t<\/div>\n\t\t<div class=\"elementor-element elementor-element-3899475a e-con-full e-flex e-con e-child\" data-id=\"3899475a\" data-element_type=\"container\" data-e-type=\"container\" data-settings=\"{&quot;background_background&quot;:&quot;classic&quot;}\">\n\t\t\t\t<div class=\"elementor-element elementor-element-77df8e2b elementor-widget elementor-widget-heading\" data-id=\"77df8e2b\" data-element_type=\"widget\" data-e-type=\"widget\" data-widget_type=\"heading.default\">\n\t\t\t\t\t<h3 class=\"elementor-heading-title elementor-size-default\">Contact us<\/h3>\t\t\t\t<\/div>\n\t\t\t\t<div class=\"elementor-element elementor-element-74b84284 elementor-icon-list--layout-traditional elementor-list-item-link-full_width elementor-widget elementor-widget-icon-list\" data-id=\"74b84284\" data-element_type=\"widget\" data-e-type=\"widget\" data-widget_type=\"icon-list.default\">\n\t\t\t\t\t\t\t<ul class=\"elementor-icon-list-items\">\n\t\t\t\t\t\t\t<li class=\"elementor-icon-list-item\">\n\t\t\t\t\t\t\t\t\t\t\t<a href=\"mailto:info@axiainversiones.com\">\n\n\t\t\t\t\t\t\t\t\t\t\t\t<span class=\"elementor-icon-list-icon\">\n\t\t\t\t\t\t\t<svg aria-hidden=\"true\" class=\"e-font-icon-svg e-fas-mail-bulk\" viewbox=\"0 0 576 512\" xmlns=\"http:\/\/www.w3.org\/2000\/svg\"><path d=\"M160 448c-25.6 0-51.2-22.4-64-32-64-44.8-83.2-60.8-96-70.4V480c0 17.67 14.33 32 32 32h256c17.67 0 32-14.33 32-32V345.6c-12.8 9.6-32 25.6-96 70.4-12.8 9.6-38.4 32-64 32zm128-192H32c-17.67 0-32 14.33-32 32v16c25.6 19.2 22.4 19.2 115.2 86.4 9.6 6.4 28.8 25.6 44.8 25.6s35.2-19.2 44.8-22.4c92.8-67.2 89.6-67.2 115.2-86.4V288c0-17.67-14.33-32-32-32zm256-96H224c-17.67 0-32 14.33-32 32v32h96c33.21 0 60.59 25.42 63.71 57.82l.29-.22V416h192c17.67 0 32-14.33 32-32V192c0-17.67-14.33-32-32-32zm-32 128h-64v-64h64v64zm-352-96c0-35.29 28.71-64 64-64h224V32c0-17.67-14.33-32-32-32H96C78.33 0 64 14.33 64 32v192h96v-32z\"><\/path><\/svg>\t\t\t\t\t\t<\/span>\n\t\t\t\t\t\t\t\t\t\t<span class=\"elementor-icon-list-text\">info@axiainversiones.com<\/span>\n\t\t\t\t\t\t\t\t\t\t\t<\/a>\n\t\t\t\t\t\t\t\t\t<\/li>\n\t\t\t\t\t\t\t\t<li class=\"elementor-icon-list-item\">\n\t\t\t\t\t\t\t\t\t\t\t<a href=\"tel:+57%203134266381\">\n\n\t\t\t\t\t\t\t\t\t\t\t\t<span class=\"elementor-icon-list-icon\">\n\t\t\t\t\t\t\t<svg aria-hidden=\"true\" class=\"e-font-icon-svg e-fas-phone-alt\" viewbox=\"0 0 512 512\" xmlns=\"http:\/\/www.w3.org\/2000\/svg\"><path d=\"M497.39 361.8l-112-48a24 24 0 0 0-28 6.9l-49.6 60.6A370.66 370.66 0 0 1 130.6 204.11l60.6-49.6a23.94 23.94 0 0 0 6.9-28l-48-112A24.16 24.16 0 0 0 122.6.61l-104 24A24 24 0 0 0 0 48c0 256.5 207.9 464 464 464a24 24 0 0 0 23.4-18.6l24-104a24.29 24.29 0 0 0-14.01-27.6z\"><\/path><\/svg>\t\t\t\t\t\t<\/span>\n\t\t\t\t\t\t\t\t\t\t<span class=\"elementor-icon-list-text\">+57 3134266381<\/span>\n\t\t\t\t\t\t\t\t\t\t\t<\/a>\n\t\t\t\t\t\t\t\t\t<\/li>\n\t\t\t\t\t\t<\/ul>\n\t\t\t\t\t\t<\/div>\n\t\t\t\t<\/div>\n\t\t\t\t<\/div>\n\t\t\t\t<\/div>\n\t\t<div class=\"elementor-element elementor-element-62dcb95b e-con-full e-flex e-con e-child\" data-id=\"62dcb95b\" data-element_type=\"container\" data-e-type=\"container\">\n\t\t\t\t<div class=\"elementor-element elementor-element-7d448caf elementor-grid-2 elementor-grid-tablet-2 elementor-grid-mobile-1 elementor-posts--thumbnail-top elementor-card-shadow-yes elementor-posts__hover-gradient elementor-widget elementor-widget-posts\" data-id=\"7d448caf\" data-element_type=\"widget\" data-e-type=\"widget\" data-settings=\"{&quot;cards_columns&quot;:&quot;2&quot;,&quot;cards_masonry&quot;:&quot;yes&quot;,&quot;cards_row_gap&quot;:{&quot;unit&quot;:&quot;px&quot;,&quot;size&quot;:38,&quot;sizes&quot;:[]},&quot;cards_columns_tablet&quot;:&quot;2&quot;,&quot;cards_columns_mobile&quot;:&quot;1&quot;,&quot;cards_row_gap_tablet&quot;:{&quot;unit&quot;:&quot;px&quot;,&quot;size&quot;:&quot;&quot;,&quot;sizes&quot;:[]},&quot;cards_row_gap_mobile&quot;:{&quot;unit&quot;:&quot;px&quot;,&quot;size&quot;:&quot;&quot;,&quot;sizes&quot;:[]}}\" data-widget_type=\"posts.cards\">\n\t\t\t\t<div class=\"elementor-widget-container\">\n\t\t\t\t\t\t\t<div class=\"elementor-posts-container elementor-posts elementor-posts--skin-cards elementor-grid\" role=\"list\">\n\t\t\t\t<article class=\"elementor-post elementor-grid-item post-4423 post type-post status-publish format-standard has-post-thumbnail hentry category-blog\" role=\"listitem\">\n\t\t\t<div class=\"elementor-post__card\">\n\t\t\t\t<a class=\"elementor-post__thumbnail__link\" href=\"https:\/\/axiainversiones.com\/en\/por-que-republica-dominicana-es-el-destino-de-inversion-inmobiliaria-del-momento\/\" tabindex=\"-1\"><div class=\"elementor-post__thumbnail\"><img fetchpriority=\"high\" decoding=\"async\" width=\"1080\" height=\"1080\" src=\"https:\/\/axiainversiones.com\/wp-content\/uploads\/2025\/09\/Proteccion-inmobiliaria-.webp\" class=\"attachment-full size-full wp-image-4427\" alt=\"Rep\u00fablica Dominicana\" srcset=\"https:\/\/axiainversiones.com\/wp-content\/uploads\/2025\/09\/Proteccion-inmobiliaria-.webp 1080w, https:\/\/axiainversiones.com\/wp-content\/uploads\/2025\/09\/Proteccion-inmobiliaria--300x300.webp 300w, https:\/\/axiainversiones.com\/wp-content\/uploads\/2025\/09\/Proteccion-inmobiliaria--1024x1024.webp 1024w, https:\/\/axiainversiones.com\/wp-content\/uploads\/2025\/09\/Proteccion-inmobiliaria--150x150.webp 150w, https:\/\/axiainversiones.com\/wp-content\/uploads\/2025\/09\/Proteccion-inmobiliaria--768x768.webp 768w, https:\/\/axiainversiones.com\/wp-content\/uploads\/2025\/09\/Proteccion-inmobiliaria--12x12.webp 12w, https:\/\/axiainversiones.com\/wp-content\/uploads\/2025\/09\/Proteccion-inmobiliaria--800x800.webp 800w, https:\/\/axiainversiones.com\/wp-content\/uploads\/2025\/09\/Proteccion-inmobiliaria--100x100.webp 100w\" sizes=\"(max-width: 1080px) 100vw, 1080px\" \/><\/div><\/a>\n\t\t\t\t<div class=\"elementor-post__text\">\n\t\t\t\t<h3 class=\"elementor-post__title\">\n\t\t\t<a href=\"https:\/\/axiainversiones.com\/en\/por-que-republica-dominicana-es-el-destino-de-inversion-inmobiliaria-del-momento\/\">\n\t\t\t\tWhy is the Dominican Republic the real estate investment destination of the moment?\t\t\t<\/a>\n\t\t<\/h3>\n\t\t\n\t\t<a class=\"elementor-post__read-more\" href=\"https:\/\/axiainversiones.com\/en\/por-que-republica-dominicana-es-el-destino-de-inversion-inmobiliaria-del-momento\/\" aria-label=\"Read more about \u00bfPor qu\u00e9 Rep\u00fablica Dominicana es el destino de inversi\u00f3n inmobiliaria del momento?\" tabindex=\"-1\">\n\t\t\tRead more \u00bb\t\t<\/a>\n\n\t\t\t\t<\/div>\n\t\t\t\t\t<\/div>\n\t\t<\/article>\n\t\t\t\t<article class=\"elementor-post elementor-grid-item post-4417 post type-post status-publish format-standard has-post-thumbnail hentry category-blog\" role=\"listitem\">\n\t\t\t<div class=\"elementor-post__card\">\n\t\t\t\t<a class=\"elementor-post__thumbnail__link\" href=\"https:\/\/axiainversiones.com\/en\/del-instinto-al-calculo-tu-siguiente-paso-en-la-inversion-inmobiliaria\/\" tabindex=\"-1\"><div class=\"elementor-post__thumbnail\"><img decoding=\"async\" width=\"1080\" height=\"1080\" src=\"https:\/\/axiainversiones.com\/wp-content\/uploads\/2025\/09\/familia-feliz-por-su-inversion-.webp\" class=\"attachment-full size-full wp-image-4421\" alt=\"Del Instinto al C\u00e1lculo\" srcset=\"https:\/\/axiainversiones.com\/wp-content\/uploads\/2025\/09\/familia-feliz-por-su-inversion-.webp 1080w, https:\/\/axiainversiones.com\/wp-content\/uploads\/2025\/09\/familia-feliz-por-su-inversion--300x300.webp 300w, https:\/\/axiainversiones.com\/wp-content\/uploads\/2025\/09\/familia-feliz-por-su-inversion--1024x1024.webp 1024w, https:\/\/axiainversiones.com\/wp-content\/uploads\/2025\/09\/familia-feliz-por-su-inversion--150x150.webp 150w, https:\/\/axiainversiones.com\/wp-content\/uploads\/2025\/09\/familia-feliz-por-su-inversion--768x768.webp 768w, https:\/\/axiainversiones.com\/wp-content\/uploads\/2025\/09\/familia-feliz-por-su-inversion--12x12.webp 12w, https:\/\/axiainversiones.com\/wp-content\/uploads\/2025\/09\/familia-feliz-por-su-inversion--800x800.webp 800w, https:\/\/axiainversiones.com\/wp-content\/uploads\/2025\/09\/familia-feliz-por-su-inversion--100x100.webp 100w\" sizes=\"(max-width: 1080px) 100vw, 1080px\" \/><\/div><\/a>\n\t\t\t\t<div class=\"elementor-post__text\">\n\t\t\t\t<h3 class=\"elementor-post__title\">\n\t\t\t<a href=\"https:\/\/axiainversiones.com\/en\/del-instinto-al-calculo-tu-siguiente-paso-en-la-inversion-inmobiliaria\/\">\n\t\t\t\tFrom Instinct to Calculation: Your Next Step in Real Estate Investing\t\t\t<\/a>\n\t\t<\/h3>\n\t\t\n\t\t<a class=\"elementor-post__read-more\" href=\"https:\/\/axiainversiones.com\/en\/del-instinto-al-calculo-tu-siguiente-paso-en-la-inversion-inmobiliaria\/\" aria-label=\"Read more about Del Instinto al C\u00e1lculo: Tu Siguiente Paso en la Inversi\u00f3n Inmobiliaria\" tabindex=\"-1\">\n\t\t\tRead more \u00bb\t\t<\/a>\n\n\t\t\t\t<\/div>\n\t\t\t\t\t<\/div>\n\t\t<\/article>\n\t\t\t\t<article class=\"elementor-post elementor-grid-item post-4374 post type-post status-publish format-standard has-post-thumbnail hentry category-blog\" role=\"listitem\">\n\t\t\t<div class=\"elementor-post__card\">\n\t\t\t\t<a class=\"elementor-post__thumbnail__link\" href=\"https:\/\/axiainversiones.com\/en\/comunidades-inmobiliarias\/\" tabindex=\"-1\"><div class=\"elementor-post__thumbnail\"><img decoding=\"async\" width=\"1080\" height=\"1080\" src=\"https:\/\/axiainversiones.com\/wp-content\/uploads\/2025\/09\/Comunidades-.webp\" class=\"attachment-full size-full wp-image-4195\" alt=\"Comunidades inmobiliarias\" srcset=\"https:\/\/axiainversiones.com\/wp-content\/uploads\/2025\/09\/Comunidades-.webp 1080w, https:\/\/axiainversiones.com\/wp-content\/uploads\/2025\/09\/Comunidades--300x300.webp 300w, https:\/\/axiainversiones.com\/wp-content\/uploads\/2025\/09\/Comunidades--1024x1024.webp 1024w, https:\/\/axiainversiones.com\/wp-content\/uploads\/2025\/09\/Comunidades--150x150.webp 150w, https:\/\/axiainversiones.com\/wp-content\/uploads\/2025\/09\/Comunidades--768x768.webp 768w, https:\/\/axiainversiones.com\/wp-content\/uploads\/2025\/09\/Comunidades--12x12.webp 12w, https:\/\/axiainversiones.com\/wp-content\/uploads\/2025\/09\/Comunidades--800x800.webp 800w, https:\/\/axiainversiones.com\/wp-content\/uploads\/2025\/09\/Comunidades--100x100.webp 100w\" sizes=\"(max-width: 1080px) 100vw, 1080px\" \/><\/div><\/a>\n\t\t\t\t<div class=\"elementor-post__text\">\n\t\t\t\t<h3 class=\"elementor-post__title\">\n\t\t\t<a href=\"https:\/\/axiainversiones.com\/en\/comunidades-inmobiliarias\/\">\n\t\t\t\tReal estate communities in the Dominican Republic: why they have become the epicenter of international investment\t\t\t<\/a>\n\t\t<\/h3>\n\t\t\n\t\t<a class=\"elementor-post__read-more\" href=\"https:\/\/axiainversiones.com\/en\/comunidades-inmobiliarias\/\" aria-label=\"Read more about Comunidades inmobiliarias en Rep\u00fablica Dominicana: por qu\u00e9 se han convertido en el epicentro de la inversi\u00f3n internacional\" tabindex=\"-1\">\n\t\t\tRead more \u00bb\t\t<\/a>\n\n\t\t\t\t<\/div>\n\t\t\t\t\t<\/div>\n\t\t<\/article>\n\t\t\t\t<article class=\"elementor-post elementor-grid-item post-4348 post type-post status-publish format-standard has-post-thumbnail hentry category-blog\" role=\"listitem\">\n\t\t\t<div class=\"elementor-post__card\">\n\t\t\t\t<a class=\"elementor-post__thumbnail__link\" href=\"https:\/\/axiainversiones.com\/en\/rentabilidad-inmobiliaria\/\" tabindex=\"-1\"><div class=\"elementor-post__thumbnail\"><img loading=\"lazy\" decoding=\"async\" width=\"1080\" height=\"1080\" src=\"https:\/\/axiainversiones.com\/wp-content\/uploads\/2025\/09\/Inversion-inmobiliaria-calculos-.webp\" class=\"attachment-full size-full wp-image-4361\" alt=\"Rentabilidad inmobiliaria\" srcset=\"https:\/\/axiainversiones.com\/wp-content\/uploads\/2025\/09\/Inversion-inmobiliaria-calculos-.webp 1080w, https:\/\/axiainversiones.com\/wp-content\/uploads\/2025\/09\/Inversion-inmobiliaria-calculos--300x300.webp 300w, https:\/\/axiainversiones.com\/wp-content\/uploads\/2025\/09\/Inversion-inmobiliaria-calculos--1024x1024.webp 1024w, https:\/\/axiainversiones.com\/wp-content\/uploads\/2025\/09\/Inversion-inmobiliaria-calculos--150x150.webp 150w, https:\/\/axiainversiones.com\/wp-content\/uploads\/2025\/09\/Inversion-inmobiliaria-calculos--768x768.webp 768w, https:\/\/axiainversiones.com\/wp-content\/uploads\/2025\/09\/Inversion-inmobiliaria-calculos--12x12.webp 12w, https:\/\/axiainversiones.com\/wp-content\/uploads\/2025\/09\/Inversion-inmobiliaria-calculos--800x800.webp 800w, https:\/\/axiainversiones.com\/wp-content\/uploads\/2025\/09\/Inversion-inmobiliaria-calculos--100x100.webp 100w\" sizes=\"(max-width: 1080px) 100vw, 1080px\" \/><\/div><\/a>\n\t\t\t\t<div class=\"elementor-post__text\">\n\t\t\t\t<h3 class=\"elementor-post__title\">\n\t\t\t<a href=\"https:\/\/axiainversiones.com\/en\/rentabilidad-inmobiliaria\/\">\n\t\t\t\tReal estate profitability: calculations that separate intuition from actual results\t\t\t<\/a>\n\t\t<\/h3>\n\t\t\n\t\t<a class=\"elementor-post__read-more\" href=\"https:\/\/axiainversiones.com\/en\/rentabilidad-inmobiliaria\/\" aria-label=\"Read more about Rentabilidad inmobiliaria: c\u00e1lculos que separan la intuici\u00f3n de los resultados reales\" tabindex=\"-1\">\n\t\t\tRead more \u00bb\t\t<\/a>\n\n\t\t\t\t<\/div>\n\t\t\t\t\t<\/div>\n\t\t<\/article>\n\t\t\t\t<\/div>\n\t\t\n\t\t\t\t\t\t<\/div>\n\t\t\t\t<\/div>\n\t\t\t\t<\/div>\n\t\t\t\t<\/div>\n\t\t\t\t<\/div>","protected":false},"excerpt":{"rendered":"<p>Blog Blog de inversi\u00f3n inmobiliaria Tabla de contenidos de blog de inmobiliaria S\u00edguenos en: Facebook Instagram Tiktok Cont\u00e1ctanos info@axiainversiones.com +57 3134266381<\/p>","protected":false},"author":1,"featured_media":3566,"parent":0,"menu_order":0,"comment_status":"closed","ping_status":"closed","template":"","meta":{"footnotes":""},"class_list":["post-1701","page","type-page","status-publish","has-post-thumbnail","hentry"],"_links":{"self":[{"href":"https:\/\/axiainversiones.com\/en\/wp-json\/wp\/v2\/pages\/1701","targetHints":{"allow":["GET"]}}],"collection":[{"href":"https:\/\/axiainversiones.com\/en\/wp-json\/wp\/v2\/pages"}],"about":[{"href":"https:\/\/axiainversiones.com\/en\/wp-json\/wp\/v2\/types\/page"}],"author":[{"embeddable":true,"href":"https:\/\/axiainversiones.com\/en\/wp-json\/wp\/v2\/users\/1"}],"replies":[{"embeddable":true,"href":"https:\/\/axiainversiones.com\/en\/wp-json\/wp\/v2\/comments?post=1701"}],"version-history":[{"count":37,"href":"https:\/\/axiainversiones.com\/en\/wp-json\/wp\/v2\/pages\/1701\/revisions"}],"predecessor-version":[{"id":4598,"href":"https:\/\/axiainversiones.com\/en\/wp-json\/wp\/v2\/pages\/1701\/revisions\/4598"}],"wp:featuredmedia":[{"embeddable":true,"href":"https:\/\/axiainversiones.com\/en\/wp-json\/wp\/v2\/media\/3566"}],"wp:attachment":[{"href":"https:\/\/axiainversiones.com\/en\/wp-json\/wp\/v2\/media?parent=1701"}],"curies":[{"name":"wp","href":"https:\/\/api.w.org\/{rel}","templated":true}]}}