{"id":4319,"date":"2025-09-18T02:09:36","date_gmt":"2025-09-18T02:09:36","guid":{"rendered":"https:\/\/axiainversiones.com\/?page_id=4319"},"modified":"2025-09-24T19:40:43","modified_gmt":"2025-09-24T19:40:43","slug":"downtown","status":"publish","type":"page","link":"https:\/\/axiainversiones.com\/en\/comunidades-axia\/downtown\/","title":{"rendered":"Downtown"},"content":{"rendered":"<div data-elementor-type=\"wp-page\" data-elementor-id=\"4319\" class=\"elementor elementor-4319\" data-elementor-post-type=\"page\">\n\t\t\t\t<div class=\"elementor-element elementor-element-626c4708 e-con-full e-flex e-con e-parent\" data-id=\"626c4708\" data-element_type=\"container\" data-e-type=\"container\" data-settings=\"{&quot;background_background&quot;:&quot;classic&quot;}\">\n\t\t<div class=\"elementor-element elementor-element-37e10b5b e-con-full e-flex e-con e-child\" data-id=\"37e10b5b\" data-element_type=\"container\" data-e-type=\"container\">\n\t\t\t\t<div class=\"elementor-element elementor-element-5fdae814 elementor-widget elementor-widget-heading\" data-id=\"5fdae814\" data-element_type=\"widget\" data-e-type=\"widget\" data-widget_type=\"heading.default\">\n\t\t\t\t\t<h1 class=\"elementor-heading-title elementor-size-default\">Downtown<\/h1>\t\t\t\t<\/div>\n\t\t\t\t<\/div>\n\t\t<div class=\"elementor-element elementor-element-3bf6fd7 e-con-full e-flex e-con e-child\" data-id=\"3bf6fd7\" data-element_type=\"container\" data-e-type=\"container\" data-settings=\"{&quot;background_background&quot;:&quot;classic&quot;}\">\n\t\t\t\t<div class=\"elementor-element elementor-element-10bfcfa8 elementor-widget elementor-widget-heading\" data-id=\"10bfcfa8\" data-element_type=\"widget\" data-e-type=\"widget\" data-widget_type=\"heading.default\">\n\t\t\t\t\t<h2 class=\"elementor-heading-title elementor-size-default\">Urban Investment Center<\/h2>\t\t\t\t<\/div>\n\t\t\t\t<div class=\"elementor-element elementor-element-253df052 elementor-widget elementor-widget-text-editor\" data-id=\"253df052\" data-element_type=\"widget\" data-e-type=\"widget\" data-widget_type=\"text-editor.default\">\n\t\t\t\t\t\t\t\t\t<p><span style=\"font-weight: 400;\">The commercial and entertainment hub of the region. This community is ideal for investors seeking dynamism and high passive income potential due to the constant demand for short- and long-term rentals.<\/span><\/p>\t\t\t\t\t\t\t\t<\/div>\n\t\t<div class=\"elementor-element elementor-element-337113b e-con-full e-flex e-con e-child\" data-id=\"337113b\" data-element_type=\"container\" data-e-type=\"container\">\n\t\t\t\t<div class=\"elementor-element elementor-element-34fde535 elementor-widget elementor-widget-heading\" data-id=\"34fde535\" data-element_type=\"widget\" data-e-type=\"widget\" data-widget_type=\"heading.default\">\n\t\t\t\t\t<h2 class=\"elementor-heading-title elementor-size-default\">Location<\/h2>\t\t\t\t<\/div>\n\t\t\t\t<div class=\"elementor-element elementor-element-2de417 elementor-widget elementor-widget-text-editor\" data-id=\"2de417\" data-element_type=\"widget\" data-e-type=\"widget\" data-widget_type=\"text-editor.default\">\n\t\t\t\t\t\t\t\t\t<p><span style=\"font-weight: 400;\">\u23f1\ufe0f 15 minutes from Punta Cana International Airport<\/span><\/p>\t\t\t\t\t\t\t\t<\/div>\n\t\t<div class=\"elementor-element elementor-element-461e82b7 e-con-full e-flex e-con e-child\" data-id=\"461e82b7\" data-element_type=\"container\" data-e-type=\"container\">\n\t\t\t\t<div class=\"elementor-element elementor-element-7d307b47 elementor-widget elementor-widget-shortcode\" data-id=\"7d307b47\" data-element_type=\"widget\" data-e-type=\"widget\" data-widget_type=\"shortcode.default\">\n\t\t\t\t\t\t\t<div class=\"elementor-shortcode\"><iframe src=\"https:\/\/www.google.com\/maps\/embed?pb=!1m18!1m12!1m3!1d3780.620537051274!2d-68.3975234!3d18.6361299!2m3!1f0!2f0!3f0!3m2!1i1024!2i768!4f13.1!3m3!1m2!1s0x8ea893309f47fa67%3A0xb9aa969ae16116fa!2sDowntown%20Punta%20Cana!5e0!3m2!1ses-419!2sco!4v1758597423671!5m2!1ses-419!2sco\" width=\"400\" height=\"300\" style=\"border:0;\" allowfullscreen=\"\" loading=\"lazy\" referrerpolicy=\"no-referrer-when-downgrade\"><\/iframe><\/div>\n\t\t\t\t\t\t<\/div>\n\t\t\t\t<\/div>\n\t\t\t\t<\/div>\n\t\t\t\t<div class=\"elementor-element elementor-element-38e3df30 elementor-widget elementor-widget-heading\" data-id=\"38e3df30\" data-element_type=\"widget\" data-e-type=\"widget\" data-widget_type=\"heading.default\">\n\t\t\t\t\t<h2 class=\"elementor-heading-title elementor-size-default\">The best of Downtown\n<\/h2>\t\t\t\t<\/div>\n\t\t<div class=\"elementor-element elementor-element-503dcd44 e-con-full e-flex e-con e-child\" data-id=\"503dcd44\" data-element_type=\"container\" data-e-type=\"container\">\n\t\t<div class=\"elementor-element elementor-element-64f831c5 e-con-full e-flex e-con e-child\" data-id=\"64f831c5\" data-element_type=\"container\" data-e-type=\"container\">\n\t\t\t\t<div class=\"elementor-element elementor-element-5a3527fe elementor-widget elementor-widget-html\" data-id=\"5a3527fe\" data-element_type=\"widget\" data-e-type=\"widget\" data-widget_type=\"html.default\">\n\t\t\t\t\t<!-- ====== HIGHLIGHTS + M\u00c9TRICAS (AXIA) ====== -->\r\n<div id=\"ax-highlights\">\r\n\r\n  <!-- Cuadritos \/ highlights -->\r\n  <section class=\"ax-cards\">\r\n    <article class=\"ax-card\">\r\n      <h4><span><\/span>Connectivity:<\/h4>\r\n      <p>Just steps away from Downtown Mall, San Juan Shopping Center, supermarkets, banks, and hospitals.<\/p>\r\n    <\/article>\r\n\r\n    <article class=\"ax-card\">\r\n      <h4><span><\/span>Entertainment:<\/h4>\r\n      <p>Coco Bongo, Hard Rock Caf\u00e9, Caribbean Lake Park, and a wide range of dining and nightlife options.<\/p>\r\n    <\/article>\r\n\r\n    <article class=\"ax-card\">\r\n      <h4><span><\/span>Tourism and business:<\/h4>\r\n      <p>Medical centers, corporate offices, coworking spaces, and executive hotels.<\/p>\r\n    <\/article>\r\n\r\n    <article class=\"ax-card\">\r\n      <h4><span><\/span>Accessibility: <\/h4>\r\n      <p>Close to beaches such as B\u00e1varo and Cabeza de Toro.<\/p>\r\n    <\/article>\r\n\r\n    <article class=\"ax-card\">\r\n      <h4><span><\/span>CONFOTUR tax benefits<\/h4>\r\n      <p>Exemption from IPI and transfer tax for up to 15 years.<\/p>\r\n    <\/article>\r\n  <\/section>\r\n\r\n  <!-- Tabla de m\u00e9tricas -->\r\n  <section class=\"ax-table-wrap\">\r\n    <table class=\"ax-table\">\r\n      <thead>\r\n        <tr>\r\n          <th>Area<\/th>\r\n          <th>ROI<\/th>\r\n          <th>Price Range<\/th>\r\n          <th>Annual capital gains<\/th>\r\n        <\/tr>\r\n      <\/thead>\r\n      <tbody>\r\n        <tr>\r\n          <td>Urban Center<\/td>\r\n          <td>7%\u201312% annually (depending on type and management)<\/td>\r\n          <td>From USD 90,750<\/td>\r\n          <td>5%\u20138% on average<\/td>\r\n        <\/tr>\r\n      <\/tbody>\r\n    <\/table>\r\n  <\/section>\r\n\r\n<\/div>\r\n\r\n<style>\r\n\/* ===== Encapsulado para no chocar con Elementor ===== *\/\r\n#ax-highlights{\r\n  --ax-blue:#091E3E;\r\n  --ax-gold:#B89F3A;\r\n  --ax-ink:#1a1f2b;\r\n  --ax-line:rgba(9,30,62,.18);\r\n  --ax-bg:#fff;\r\n  font-family: \"Segoe UI\",system-ui,Arial,sans-serif;\r\n  color:#2b2f36;\r\n}\r\n\r\n\/* ---------- Cards grid ---------- *\/\r\n#ax-highlights .ax-cards{\r\n  display:grid;\r\n  grid-template-columns:repeat(5,minmax(220px,1fr));\r\n  gap:16px;\r\n  margin:18px 0 22px;\r\n}\r\n\r\n#ax-highlights .ax-card{\r\n  background:#fff;\r\n  border:1px solid var(--ax-line);\r\n  border-radius:10px;\r\n  padding:16px 16px 14px;\r\n  box-shadow:0 6px 14px rgba(9,30,62,.06);\r\n  transition:transform .15s ease, box-shadow .15s ease, border-color .15s ease;\r\n  height:100%;\r\n  display:flex;flex-direction:column;\r\n}\r\n\r\n#ax-highlights .ax-card:hover{\r\n  transform:translateY(-2px);\r\n  border-color:rgba(184,159,58,.45);\r\n  box-shadow:0 10px 20px rgba(9,30,62,.10);\r\n}\r\n\r\n#ax-highlights .ax-card h4{\r\n  margin:0 0 8px;\r\n  font-size:15.5px;\r\n  font-weight:800;\r\n  color:var(--ax-blue);\r\n  display:flex;align-items:center;gap:8px;\r\n  line-height:1.25;\r\n}\r\n\r\n\/* \u201cBala\u201d dorada al lado del t\u00edtulo *\/\r\n#ax-highlights .ax-card h4 span{\r\n  display:inline-block;\r\n  width:10px;height:10px;\r\n  border-radius:2px;\r\n  background:var(--ax-gold);\r\n  box-shadow:0 0 0 2px rgba(184,159,58,.15);\r\n}\r\n\r\n#ax-highlights .ax-card p{\r\n  margin:0;\r\n  font-size:14.5px;\r\n  line-height:1.55;\r\n  color:#3b4658;\r\n}\r\n\r\n\/* ---------- Tabla \/ m\u00e9tricas ---------- *\/\r\n#ax-highlights .ax-table-wrap{\r\n  overflow:auto;\r\n  border-radius:10px;\r\n  border:1px solid var(--ax-line);\r\n}\r\n\r\n#ax-highlights .ax-table{\r\n  width:100%;\r\n  border-collapse:collapse;\r\n  min-width:720px; \/* evita que se comprima demasiado en m\u00f3vil *\/\r\n  background:#fff;\r\n}\r\n\r\n#ax-highlights .ax-table thead th{\r\n  background:linear-gradient(0deg, rgba(9,30,62,.96), rgba(9,30,62,.92));\r\n  color:#fff;\r\n  font-weight:800;\r\n  font-size:14px;\r\n  letter-spacing:.2px;\r\n  padding:12px 14px;\r\n  text-align:center;\r\n  border-right:1px solid rgba(255,255,255,.12);\r\n}\r\n#ax-highlights .ax-table thead th:last-child{border-right:none}\r\n\r\n\/* l\u00ednea inferior dorada al header *\/\r\n#ax-highlights .ax-table thead tr{\r\n  position:relative;\r\n}\r\n#ax-highlights .ax-table thead tr::after{\r\n  content:\"\";\r\n  position:absolute;left:0;right:0;bottom:0;height:3px;\r\n  background:var(--ax-gold);\r\n}\r\n\r\n#ax-highlights .ax-table tbody td{\r\n  border-top:1px solid var(--ax-line);\r\n  padding:14px;\r\n  font-size:14.5px;\r\n  color:#2f3746;\r\n  text-align:center;\r\n}\r\n\r\n\/* ---------- Responsive ---------- *\/\r\n@media (max-width:1200px){\r\n  #ax-highlights .ax-cards{grid-template-columns:repeat(4,minmax(220px,1fr))}\r\n}\r\n@media (max-width:980px){\r\n  #ax-highlights .ax-cards{grid-template-columns:repeat(3,minmax(220px,1fr))}\r\n}\r\n@media (max-width:720px){\r\n  #ax-highlights .ax-cards{grid-template-columns:repeat(2,minmax(200px,1fr))}\r\n}\r\n@media (max-width:480px){\r\n  #ax-highlights .ax-cards{grid-template-columns:1fr}\r\n  #ax-highlights .ax-card{padding:14px}\r\n  #ax-highlights .ax-card h4{font-size:15px}\r\n  #ax-highlights .ax-card p{font-size:14px}\r\n}\r\n<\/style>\r\n\t\t\t\t<\/div>\n\t\t\t\t<\/div>\n\t\t\t\t<\/div>\n\t\t<div class=\"elementor-element elementor-element-55c7d005 e-con-full e-flex e-con e-child\" data-id=\"55c7d005\" data-element_type=\"container\" data-e-type=\"container\">\n\t\t\t\t<div class=\"elementor-element elementor-element-64191189 elementor-widget elementor-widget-heading\" data-id=\"64191189\" data-element_type=\"widget\" data-e-type=\"widget\" data-widget_type=\"heading.default\">\n\t\t\t\t\t<h2 class=\"elementor-heading-title elementor-size-default\">Available projects in Downtown<\/h2>\t\t\t\t<\/div>\n\t\t\t\t<div class=\"elementor-element elementor-element-14fe5875 elementor-widget elementor-widget-icon-box\" data-id=\"14fe5875\" data-element_type=\"widget\" data-e-type=\"widget\" data-widget_type=\"icon-box.default\">\n\t\t\t\t\t\t\t<div class=\"elementor-icon-box-wrapper\">\n\n\t\t\t\n\t\t\t\t\t\t<div class=\"elementor-icon-box-content\">\n\n\t\t\t\t\t\t\t\t\t<h3 class=\"elementor-icon-box-title\">\n\t\t\t\t\t\t<a href=\"https:\/\/axiainversiones.com\/en\/proyecto\/city-place\/\" target=\"_blank\" >\n\t\t\t\t\t\t\tCity Place\t\t\t\t\t\t<\/a>\n\t\t\t\t\t<\/h3>\n\t\t\t\t\n\t\t\t\t\t\t\t\t\t<p class=\"elementor-icon-box-description\">\n\t\t\t\t\t\tInnovative residential and commercial complex. Offers studios and 1- to 3-bedroom apartments, with rooftop pool, Central Park, social areas, and membership to the Serenade Beach Club.\t\t\t\t\t<\/p>\n\t\t\t\t\n\t\t\t<\/div>\n\t\t\t\n\t\t<\/div>\n\t\t\t\t\t\t<\/div>\n\t\t\t\t<div class=\"elementor-element elementor-element-32be3564 elementor-widget elementor-widget-icon-box\" data-id=\"32be3564\" data-element_type=\"widget\" data-e-type=\"widget\" data-widget_type=\"icon-box.default\">\n\t\t\t\t\t\t\t<div class=\"elementor-icon-box-wrapper\">\n\n\t\t\t\n\t\t\t\t\t\t<div class=\"elementor-icon-box-content\">\n\n\t\t\t\t\t\t\t\t\t<h3 class=\"elementor-icon-box-title\">\n\t\t\t\t\t\t<a href=\"https:\/\/axiainversiones.com\/en\/proyecto\/the-seed-galerias\/\" target=\"_blank\" >\n\t\t\t\t\t\t\tThe Seed\t\t\t\t\t\t<\/a>\n\t\t\t\t\t<\/h3>\n\t\t\t\t\n\t\t\t\t\t\t\t\t\t<p class=\"elementor-icon-box-description\">\n\t\t\t\t\t\tResidential project with resort-style amenities and shopping area (The Seed Galer\u00edas). Includes lagoon-style pools, covered cenote, coworking space, spa, and organic gardens.\t\t\t\t\t<\/p>\n\t\t\t\t\n\t\t\t<\/div>\n\t\t\t\n\t\t<\/div>\n\t\t\t\t\t\t<\/div>\n\t\t\t\t<div class=\"elementor-element elementor-element-34977418 elementor-widget elementor-widget-icon-box\" data-id=\"34977418\" data-element_type=\"widget\" data-e-type=\"widget\" data-widget_type=\"icon-box.default\">\n\t\t\t\t\t\t\t<div class=\"elementor-icon-box-wrapper\">\n\n\t\t\t\n\t\t\t\t\t\t<div class=\"elementor-icon-box-content\">\n\n\t\t\t\t\t\t\t\t\t<h3 class=\"elementor-icon-box-title\">\n\t\t\t\t\t\t<a href=\"https:\/\/axiainversiones.com\/en\/proyecto\/kaya-at-downtown\/\" target=\"_blank\" >\n\t\t\t\t\t\t\tKAYA at Downtown\t\t\t\t\t\t<\/a>\n\t\t\t\t\t<\/h3>\n\t\t\t\t\n\t\t\t\t\t\t\t\t\t<p class=\"elementor-icon-box-description\">\n\t\t\t\t\t\tBoho Chic-style condo-hotel, designed for vacation and executive rentals. It features an infinity pool, coworking space, spa, and gourmet restaurants.\t\t\t\t\t<\/p>\n\t\t\t\t\n\t\t\t<\/div>\n\t\t\t\n\t\t<\/div>\n\t\t\t\t\t\t<\/div>\n\t\t\t\t<div class=\"elementor-element elementor-element-6af0040 elementor-widget elementor-widget-heading\" data-id=\"6af0040\" data-element_type=\"widget\" data-e-type=\"widget\" data-widget_type=\"heading.default\">\n\t\t\t\t\t<h2 class=\"elementor-heading-title elementor-size-default\">Amenities<\/h2>\t\t\t\t<\/div>\n\t\t\t\t<div class=\"elementor-element elementor-element-1201977b elementor-widget elementor-widget-html\" data-id=\"1201977b\" data-element_type=\"widget\" data-e-type=\"widget\" data-widget_type=\"html.default\">\n\t\t\t\t\t<!-- ====== HIGHLIGHTS + M\u00c9TRICAS (AXIA) ====== -->\r\n<div id=\"ax-highlights\">\r\n\r\n  <!-- Cuadritos \/ highlights -->\r\n  <section class=\"ax-cards\">\r\n    <article class=\"ax-card\">\r\n      <h4><span><\/span>Vida nocturna<\/h4>\r\n      <p>Coco Bongo and Hard Rock Caf\u00e9, leaders in live shows and entertainment<\/p>\r\n    <\/article>\r\n\r\n    <article class=\"ax-card\">\r\n      <h4><span><\/span>Shopping malls<\/h4>\r\n      <p>Downtown Mall and San Juan Shopping Center, with supermarkets, boutiques, and convenience stores.<\/p>\r\n    <\/article>\r\n\r\n    <article class=\"ax-card\">\r\n      <h4><span><\/span>Parks and attractions<\/h4>\r\n      <p>Caribbean Lake Park, movie theaters, and adventure areas for the entire family.<\/p>\r\n    <\/article>\r\n\r\n    <article class=\"ax-card\">\r\n      <h4><span><\/span>Medical and corporate services<\/h4>\r\n      <p>Banks, clinics, hospitals, and strategically located business offices.<\/p>\r\n    <\/article>\r\n\r\n    <article class=\"ax-card\">\r\n      <h4><span><\/span>Urban lifestyle<\/h4>\r\n      <p>Restaurants, gyms, and modern coworking spaces near beaches such as B\u00e1varo and Cabeza de Toro.<\/p>\r\n    <\/article>\r\n  <\/section>\r\n\r\n<\/div>\r\n\r\n<style>\r\n\/* ===== Encapsulado para no chocar con Elementor ===== *\/\r\n#ax-highlights{\r\n  --ax-blue:#091E3E;\r\n  --ax-gold:#B89F3A;\r\n  --ax-ink:#1a1f2b;\r\n  --ax-line:rgba(9,30,62,.18);\r\n  --ax-bg:#fff;\r\n  font-family: \"Segoe UI\",system-ui,Arial,sans-serif;\r\n  color:#2b2f36;\r\n}\r\n\r\n\/* ---------- Cards grid ---------- *\/\r\n#ax-highlights .ax-cards{\r\n  display:grid;\r\n  grid-template-columns:repeat(5,minmax(220px,1fr));\r\n  gap:16px;\r\n  margin:18px 0 22px;\r\n}\r\n\r\n#ax-highlights .ax-card{\r\n  background:#fff;\r\n  border:1px solid var(--ax-line);\r\n  border-radius:10px;\r\n  padding:16px 16px 14px;\r\n  box-shadow:0 6px 14px rgba(9,30,62,.06);\r\n  transition:transform .15s ease, box-shadow .15s ease, border-color .15s ease;\r\n  height:100%;\r\n  display:flex;flex-direction:column;\r\n}\r\n\r\n#ax-highlights .ax-card:hover{\r\n  transform:translateY(-2px);\r\n  border-color:rgba(184,159,58,.45);\r\n  box-shadow:0 10px 20px rgba(9,30,62,.10);\r\n}\r\n\r\n#ax-highlights .ax-card h4{\r\n  margin:0 0 8px;\r\n  font-size:15.5px;\r\n  font-weight:800;\r\n  color:var(--ax-blue);\r\n  display:flex;align-items:center;gap:8px;\r\n  line-height:1.25;\r\n}\r\n\r\n\/* \u201cBala\u201d dorada al lado del t\u00edtulo *\/\r\n#ax-highlights .ax-card h4 span{\r\n  display:inline-block;\r\n  width:10px;height:10px;\r\n  border-radius:2px;\r\n  background:var(--ax-gold);\r\n  box-shadow:0 0 0 2px rgba(184,159,58,.15);\r\n}\r\n\r\n#ax-highlights .ax-card p{\r\n  margin:0;\r\n  font-size:14.5px;\r\n  line-height:1.55;\r\n  color:#3b4658;\r\n}\r\n\r\n\/* ---------- Tabla \/ m\u00e9tricas ---------- *\/\r\n#ax-highlights .ax-table-wrap{\r\n  overflow:auto;\r\n  border-radius:10px;\r\n  border:1px solid var(--ax-line);\r\n}\r\n\r\n#ax-highlights .ax-table{\r\n  width:100%;\r\n  border-collapse:collapse;\r\n  min-width:720px; \/* evita que se comprima demasiado en m\u00f3vil *\/\r\n  background:#fff;\r\n}\r\n\r\n#ax-highlights .ax-table thead th{\r\n  background:linear-gradient(0deg, rgba(9,30,62,.96), rgba(9,30,62,.92));\r\n  color:#fff;\r\n  font-weight:800;\r\n  font-size:14px;\r\n  letter-spacing:.2px;\r\n  padding:12px 14px;\r\n  text-align:center;\r\n  border-right:1px solid rgba(255,255,255,.12);\r\n}\r\n#ax-highlights .ax-table thead th:last-child{border-right:none}\r\n\r\n\/* l\u00ednea inferior dorada al header *\/\r\n#ax-highlights .ax-table thead tr{\r\n  position:relative;\r\n}\r\n#ax-highlights .ax-table thead tr::after{\r\n  content:\"\";\r\n  position:absolute;left:0;right:0;bottom:0;height:3px;\r\n  background:var(--ax-gold);\r\n}\r\n\r\n#ax-highlights .ax-table tbody td{\r\n  border-top:1px solid var(--ax-line);\r\n  padding:14px;\r\n  font-size:14.5px;\r\n  color:#2f3746;\r\n  text-align:center;\r\n}\r\n\r\n\/* ---------- Responsive ---------- *\/\r\n@media (max-width:1200px){\r\n  #ax-highlights .ax-cards{grid-template-columns:repeat(4,minmax(220px,1fr))}\r\n}\r\n@media (max-width:980px){\r\n  #ax-highlights .ax-cards{grid-template-columns:repeat(3,minmax(220px,1fr))}\r\n}\r\n@media (max-width:720px){\r\n  #ax-highlights .ax-cards{grid-template-columns:repeat(2,minmax(200px,1fr))}\r\n}\r\n@media (max-width:480px){\r\n  #ax-highlights .ax-cards{grid-template-columns:1fr}\r\n  #ax-highlights .ax-card{padding:14px}\r\n  #ax-highlights .ax-card h4{font-size:15px}\r\n  #ax-highlights .ax-card p{font-size:14px}\r\n}\r\n<\/style>\r\n\t\t\t\t<\/div>\n\t\t<div class=\"elementor-element elementor-element-6e66de0d e-con-full e-flex e-con e-child\" data-id=\"6e66de0d\" data-element_type=\"container\" data-e-type=\"container\">\n\t\t\t\t<div class=\"elementor-element elementor-element-6622eed0 elementor-widget elementor-widget-text-editor\" data-id=\"6622eed0\" data-element_type=\"widget\" data-e-type=\"widget\" data-widget_type=\"text-editor.default\">\n\t\t\t\t\t\t\t\t\t<h4><b>Frequently Asked Questions<\/b><\/h4><p><span style=\"font-weight: 600;\">What return can I expect in Downtown?<\/span><\/p><p><span style=\"font-weight: 400;\">Depending on the type of property and management, the ROI varies between 7% and 12% per year for short-term or executive rentals.<\/span><\/p><p><span style=\"font-weight: 600;\">Who are the main tenants?<\/span><\/p><p><span style=\"font-weight: 400;\">International tourists, digital nomads, families, and executives looking to live close to essential services.<\/span><\/p><p><span style=\"font-weight: 600;\">Do the projects apply to the CONFOTUR Law?<\/span><span style=\"font-weight: 600;\"><br \/><\/span>Yes, our projects in Downtown are eligible for tax exemptions for up to 15 years.<\/p><p><span style=\"font-weight: 600;\">Is it an established or growing area?<\/span><\/p><p><span style=\"font-weight: 400;\">It is one of the fastest-growing areas in Punta Cana, with strong commercial, residential, and entertainment development, which drives up property values.<\/span><\/p><p><span style=\"font-weight: 600;\">What sets Downtown apart from other communities?<\/span><\/p><p><span style=\"font-weight: 400;\">Its urban character, with a mix of tourism, local life, and business in the same place, makes it a less seasonal and more stable market for investors.<\/span><\/p>\t\t\t\t\t\t\t\t<\/div>\n\t\t\t\t<\/div>\n\t\t\t\t<\/div>\n\t\t\t\t<\/div>\n\t\t\t\t<\/div>\n\t\t\t\t<\/div>","protected":false},"excerpt":{"rendered":"<p>Downtown Centro Urbano de la Inversi\u00f3n El coraz\u00f3n comercial y de entretenimiento de la regi\u00f3n. Esta comunidad es ideal para inversores que buscan dinamismo y un alto potencial de ingresos pasivos por la demanda constante de alquileres de corta y larga duraci\u00f3n Ubicaci\u00f3n \u23f1\ufe0f A 15 minutos del Aeropuerto Internacional de Punta Cana Lo mejor [&hellip;]<\/p>","protected":false},"author":1,"featured_media":4331,"parent":1688,"menu_order":0,"comment_status":"closed","ping_status":"closed","template":"","meta":{"footnotes":""},"class_list":["post-4319","page","type-page","status-publish","has-post-thumbnail","hentry"],"_links":{"self":[{"href":"https:\/\/axiainversiones.com\/en\/wp-json\/wp\/v2\/pages\/4319","targetHints":{"allow":["GET"]}}],"collection":[{"href":"https:\/\/axiainversiones.com\/en\/wp-json\/wp\/v2\/pages"}],"about":[{"href":"https:\/\/axiainversiones.com\/en\/wp-json\/wp\/v2\/types\/page"}],"author":[{"embeddable":true,"href":"https:\/\/axiainversiones.com\/en\/wp-json\/wp\/v2\/users\/1"}],"replies":[{"embeddable":true,"href":"https:\/\/axiainversiones.com\/en\/wp-json\/wp\/v2\/comments?post=4319"}],"version-history":[{"count":14,"href":"https:\/\/axiainversiones.com\/en\/wp-json\/wp\/v2\/pages\/4319\/revisions"}],"predecessor-version":[{"id":4589,"href":"https:\/\/axiainversiones.com\/en\/wp-json\/wp\/v2\/pages\/4319\/revisions\/4589"}],"up":[{"embeddable":true,"href":"https:\/\/axiainversiones.com\/en\/wp-json\/wp\/v2\/pages\/1688"}],"wp:featuredmedia":[{"embeddable":true,"href":"https:\/\/axiainversiones.com\/en\/wp-json\/wp\/v2\/media\/4331"}],"wp:attachment":[{"href":"https:\/\/axiainversiones.com\/en\/wp-json\/wp\/v2\/media?parent=4319"}],"curies":[{"name":"wp","href":"https:\/\/api.w.org\/{rel}","templated":true}]}}