{"id":4326,"date":"2025-09-18T02:10:25","date_gmt":"2025-09-18T02:10:25","guid":{"rendered":"https:\/\/axiainversiones.com\/?page_id=4326"},"modified":"2025-09-24T19:19:24","modified_gmt":"2025-09-24T19:19:24","slug":"las-terrenas","status":"publish","type":"page","link":"https:\/\/axiainversiones.com\/en\/comunidades-axia\/las-terrenas\/","title":{"rendered":"Las Terrenas"},"content":{"rendered":"<div data-elementor-type=\"wp-page\" data-elementor-id=\"4326\" class=\"elementor elementor-4326\" data-elementor-post-type=\"page\">\n\t\t\t\t<div class=\"elementor-element elementor-element-401d2070 e-con-full e-flex e-con e-parent\" data-id=\"401d2070\" data-element_type=\"container\" data-e-type=\"container\" data-settings=\"{&quot;background_background&quot;:&quot;classic&quot;}\">\n\t\t<div class=\"elementor-element elementor-element-4091e596 e-con-full e-flex e-con e-child\" data-id=\"4091e596\" data-element_type=\"container\" data-e-type=\"container\">\n\t\t\t\t<div class=\"elementor-element elementor-element-4d1526d3 elementor-widget elementor-widget-heading\" data-id=\"4d1526d3\" data-element_type=\"widget\" data-e-type=\"widget\" data-widget_type=\"heading.default\">\n\t\t\t\t\t<h1 class=\"elementor-heading-title elementor-size-default\">Las Terrenas<\/h1>\t\t\t\t<\/div>\n\t\t\t\t<\/div>\n\t\t<div class=\"elementor-element elementor-element-4b0fd9fe e-con-full e-flex e-con e-child\" data-id=\"4b0fd9fe\" data-element_type=\"container\" data-e-type=\"container\" data-settings=\"{&quot;background_background&quot;:&quot;classic&quot;}\">\n\t\t\t\t<div class=\"elementor-element elementor-element-52b49918 elementor-widget elementor-widget-heading\" data-id=\"52b49918\" data-element_type=\"widget\" data-e-type=\"widget\" data-widget_type=\"heading.default\">\n\t\t\t\t\t<h2 class=\"elementor-heading-title elementor-size-default\">The bohemian charm of the Caribbean<\/h2>\t\t\t\t<\/div>\n\t\t\t\t<div class=\"elementor-element elementor-element-650eb125 elementor-widget elementor-widget-text-editor\" data-id=\"650eb125\" data-element_type=\"widget\" data-e-type=\"widget\" data-widget_type=\"text-editor.default\">\n\t\t\t\t\t\t\t\t\t<p><span style=\"font-weight: 400;\">A destination that combines the authenticity of a Caribbean town with a cosmopolitan atmosphere. Ideal for investors looking for an emerging market with exceptional capital gains.<\/span><\/p>\t\t\t\t\t\t\t\t<\/div>\n\t\t<div class=\"elementor-element elementor-element-38c3447f e-con-full e-flex e-con e-child\" data-id=\"38c3447f\" data-element_type=\"container\" data-e-type=\"container\">\n\t\t\t\t<div class=\"elementor-element elementor-element-1e58c6ac elementor-widget elementor-widget-heading\" data-id=\"1e58c6ac\" data-element_type=\"widget\" data-e-type=\"widget\" data-widget_type=\"heading.default\">\n\t\t\t\t\t<h2 class=\"elementor-heading-title elementor-size-default\">Location<\/h2>\t\t\t\t<\/div>\n\t\t\t\t<div class=\"elementor-element elementor-element-54e5aa14 elementor-widget elementor-widget-text-editor\" data-id=\"54e5aa14\" data-element_type=\"widget\" data-e-type=\"widget\" data-widget_type=\"text-editor.default\">\n\t\t\t\t\t\t\t\t\t<p><i>Las Terrenas, Samana, Dominican Republic, Las Brisas.<\/i><\/p>\t\t\t\t\t\t\t\t<\/div>\n\t\t<div class=\"elementor-element elementor-element-58908650 e-con-full e-flex e-con e-child\" data-id=\"58908650\" data-element_type=\"container\" data-e-type=\"container\">\n\t\t\t\t<div class=\"elementor-element elementor-element-751c1228 elementor-widget elementor-widget-shortcode\" data-id=\"751c1228\" data-element_type=\"widget\" data-e-type=\"widget\" data-widget_type=\"shortcode.default\">\n\t\t\t\t\t\t\t<div class=\"elementor-shortcode\"><iframe src=\"https:\/\/www.google.com\/maps\/embed?pb=!1m18!1m12!1m3!1d6702.59114328435!2d-69.56178474476772!3d19.27200726114782!2m3!1f0!2f0!3f0!3m2!1i1024!2i768!4f13.1!3m3!1m2!1s0x8eaefa3eaaaaaaab%3A0x907169e427d5fb91!2sLas%20Terrenas%2C%20Samana%2C%20Rep.Dominicana%2C%20Las%20Brisas!5e0!3m2!1ses-419!2sco!4v1758601573036!5m2!1ses-419!2sco\" width=\"400\" height=\"300\" style=\"border:0;\" allowfullscreen=\"\" loading=\"lazy\" referrerpolicy=\"no-referrer-when-downgrade\"><\/iframe><\/div>\n\t\t\t\t\t\t<\/div>\n\t\t\t\t<\/div>\n\t\t\t\t<\/div>\n\t\t\t\t<div class=\"elementor-element elementor-element-40931993 elementor-widget elementor-widget-heading\" data-id=\"40931993\" data-element_type=\"widget\" data-e-type=\"widget\" data-widget_type=\"heading.default\">\n\t\t\t\t\t<h2 class=\"elementor-heading-title elementor-size-default\">The best of Las Terrenas<\/h2>\t\t\t\t<\/div>\n\t\t<div class=\"elementor-element elementor-element-64658330 e-con-full e-flex e-con e-child\" data-id=\"64658330\" data-element_type=\"container\" data-e-type=\"container\">\n\t\t<div class=\"elementor-element elementor-element-1ca14b98 e-con-full e-flex e-con e-child\" data-id=\"1ca14b98\" data-element_type=\"container\" data-e-type=\"container\">\n\t\t\t\t<div class=\"elementor-element elementor-element-7b9ede35 elementor-widget elementor-widget-html\" data-id=\"7b9ede35\" data-element_type=\"widget\" data-e-type=\"widget\" data-widget_type=\"html.default\">\n\t\t\t\t\t<!-- ====== HIGHLIGHTS + M\u00c9TRICAS (AXIA) ====== -->\r\n<div id=\"ax-highlights\">\r\n\r\n  <!-- Cuadritos \/ highlights -->\r\n  <section class=\"ax-cards\">\r\n    <article class=\"ax-card\">\r\n      <h4><span><\/span>Iconic beaches:<\/h4>\r\n      <p>Playa Bonita, Playa Cos\u00f3n, and dozens of kilometers of unspoiled coastline.<\/p>\r\n    <\/article>\r\n\r\n    <article class=\"ax-card\">\r\n      <h4><span><\/span>Unique nature:<\/h4>\r\n      <p>Salto El Lim\u00f3n Waterfall and Los Haitises National Park.<\/p>\r\n    <\/article>\r\n\r\n    <article class=\"ax-card\">\r\n      <h4><span><\/span>Bohemian lifestyle:<\/h4>\r\n      <p>Beachfront bars, restaurants, and cafes with a relaxed atmosphere.<\/p>\r\n    <\/article>\r\n\r\n    <article class=\"ax-card\">\r\n      <h4><span><\/span>Urban growth: <\/h4>\r\n      <p>Infrastructure improvements that have boosted property values.<\/p>\r\n    <\/article>\r\n\r\n    <article class=\"ax-card\">\r\n      <h4><span><\/span>CONFOTUR tax benefits<\/h4>\r\n      <p>tax exemption for up to 15 years.<\/p>\r\n    <\/article>\r\n    \r\n     <article class=\"ax-card\">\r\n      <h4><span><\/span>High potential for capital gains:<\/h4>\r\n      <p>Land values have increased between 20% and 40% in the last 3 years, surpassing other destinations.<\/p>\r\n    <\/article>\r\n  <\/section>\r\n\r\n  <!-- Tabla de m\u00e9tricas -->\r\n  <section class=\"ax-table-wrap\">\r\n    <table class=\"ax-table\">\r\n      <thead>\r\n        <tr>\r\n          <th>Area<\/th>\r\n          <th>ROI<\/th>\r\n          <th>Price Range<\/th>\r\n          <th>Annual capital gains<\/th>\r\n        <\/tr>\r\n      <\/thead>\r\n      <tbody>\r\n        <tr>\r\n          <td>111.9 km\u00b2\nCoastal residential area<\/td>\r\n          <td>6%\u201310% annually on short-term rentals<\/td>\r\n          <td>Desde USD 245,000<\/td>\r\n          <td>8%\u201315% on average<\/td>\r\n        <\/tr>\r\n      <\/tbody>\r\n    <\/table>\r\n  <\/section>\r\n\r\n<\/div>\r\n\r\n<style>\r\n\/* ===== Encapsulado para no chocar con Elementor ===== *\/\r\n#ax-highlights{\r\n  --ax-blue:#091E3E;\r\n  --ax-gold:#B89F3A;\r\n  --ax-ink:#1a1f2b;\r\n  --ax-line:rgba(9,30,62,.18);\r\n  --ax-bg:#fff;\r\n  font-family: \"Segoe UI\",system-ui,Arial,sans-serif;\r\n  color:#2b2f36;\r\n}\r\n\r\n\/* ---------- Cards grid ---------- *\/\r\n#ax-highlights .ax-cards{\r\n  display:grid;\r\n  grid-template-columns:repeat(5,minmax(220px,1fr));\r\n  gap:16px;\r\n  margin:18px 0 22px;\r\n}\r\n\r\n#ax-highlights .ax-card{\r\n  background:#fff;\r\n  border:1px solid var(--ax-line);\r\n  border-radius:10px;\r\n  padding:16px 16px 14px;\r\n  box-shadow:0 6px 14px rgba(9,30,62,.06);\r\n  transition:transform .15s ease, box-shadow .15s ease, border-color .15s ease;\r\n  height:100%;\r\n  display:flex;flex-direction:column;\r\n}\r\n\r\n#ax-highlights .ax-card:hover{\r\n  transform:translateY(-2px);\r\n  border-color:rgba(184,159,58,.45);\r\n  box-shadow:0 10px 20px rgba(9,30,62,.10);\r\n}\r\n\r\n#ax-highlights .ax-card h4{\r\n  margin:0 0 8px;\r\n  font-size:15.5px;\r\n  font-weight:800;\r\n  color:var(--ax-blue);\r\n  display:flex;align-items:center;gap:8px;\r\n  line-height:1.25;\r\n}\r\n\r\n\/* \u201cBala\u201d dorada al lado del t\u00edtulo *\/\r\n#ax-highlights .ax-card h4 span{\r\n  display:inline-block;\r\n  width:10px;height:10px;\r\n  border-radius:2px;\r\n  background:var(--ax-gold);\r\n  box-shadow:0 0 0 2px rgba(184,159,58,.15);\r\n}\r\n\r\n#ax-highlights .ax-card p{\r\n  margin:0;\r\n  font-size:14.5px;\r\n  line-height:1.55;\r\n  color:#3b4658;\r\n}\r\n\r\n\/* ---------- Tabla \/ m\u00e9tricas ---------- *\/\r\n#ax-highlights .ax-table-wrap{\r\n  overflow:auto;\r\n  border-radius:10px;\r\n  border:1px solid var(--ax-line);\r\n}\r\n\r\n#ax-highlights .ax-table{\r\n  width:100%;\r\n  border-collapse:collapse;\r\n  min-width:720px; \/* evita que se comprima demasiado en m\u00f3vil *\/\r\n  background:#fff;\r\n}\r\n\r\n#ax-highlights .ax-table thead th{\r\n  background:linear-gradient(0deg, rgba(9,30,62,.96), rgba(9,30,62,.92));\r\n  color:#fff;\r\n  font-weight:800;\r\n  font-size:14px;\r\n  letter-spacing:.2px;\r\n  padding:12px 14px;\r\n  text-align:center;\r\n  border-right:1px solid rgba(255,255,255,.12);\r\n}\r\n#ax-highlights .ax-table thead th:last-child{border-right:none}\r\n\r\n\/* l\u00ednea inferior dorada al header *\/\r\n#ax-highlights .ax-table thead tr{\r\n  position:relative;\r\n}\r\n#ax-highlights .ax-table thead tr::after{\r\n  content:\"\";\r\n  position:absolute;left:0;right:0;bottom:0;height:3px;\r\n  background:var(--ax-gold);\r\n}\r\n\r\n#ax-highlights .ax-table tbody td{\r\n  border-top:1px solid var(--ax-line);\r\n  padding:14px;\r\n  font-size:14.5px;\r\n  color:#2f3746;\r\n  text-align:center;\r\n}\r\n\r\n\/* ---------- Responsive ---------- *\/\r\n@media (max-width:1200px){\r\n  #ax-highlights .ax-cards{grid-template-columns:repeat(4,minmax(220px,1fr))}\r\n}\r\n@media (max-width:980px){\r\n  #ax-highlights .ax-cards{grid-template-columns:repeat(3,minmax(220px,1fr))}\r\n}\r\n@media (max-width:720px){\r\n  #ax-highlights .ax-cards{grid-template-columns:repeat(2,minmax(200px,1fr))}\r\n}\r\n@media (max-width:480px){\r\n  #ax-highlights .ax-cards{grid-template-columns:1fr}\r\n  #ax-highlights .ax-card{padding:14px}\r\n  #ax-highlights .ax-card h4{font-size:15px}\r\n  #ax-highlights .ax-card p{font-size:14px}\r\n}\r\n<\/style>\r\n\t\t\t\t<\/div>\n\t\t\t\t<\/div>\n\t\t\t\t<\/div>\n\t\t<div class=\"elementor-element elementor-element-1ee37828 e-con-full e-flex e-con e-child\" data-id=\"1ee37828\" data-element_type=\"container\" data-e-type=\"container\">\n\t\t\t\t<div class=\"elementor-element elementor-element-363d0378 elementor-widget elementor-widget-heading\" data-id=\"363d0378\" data-element_type=\"widget\" data-e-type=\"widget\" data-widget_type=\"heading.default\">\n\t\t\t\t\t<h2 class=\"elementor-heading-title elementor-size-default\">Projects available in Las Terrenas<\/h2>\t\t\t\t<\/div>\n\t\t\t\t<div class=\"elementor-element elementor-element-2d13cd55 elementor-widget elementor-widget-icon-box\" data-id=\"2d13cd55\" data-element_type=\"widget\" data-e-type=\"widget\" data-widget_type=\"icon-box.default\">\n\t\t\t\t\t\t\t<div class=\"elementor-icon-box-wrapper\">\n\n\t\t\t\n\t\t\t\t\t\t<div class=\"elementor-icon-box-content\">\n\n\t\t\t\t\t\t\t\t\t<h3 class=\"elementor-icon-box-title\">\n\t\t\t\t\t\t<a href=\"https:\/\/axiainversiones.com\/en\/proyecto\/the-reef\/\" target=\"_blank\" >\n\t\t\t\t\t\t\tThe reef\t\t\t\t\t\t<\/a>\n\t\t\t\t\t<\/h3>\n\t\t\t\t\n\t\t\t\t\t\t\t\t\t<p class=\"elementor-icon-box-description\">\n\t\t\t\t\t\tEco-friendly beachfront complex in Playa Bonita. Offers 1- to 3-bedroom apartments, furnished and with hotel-style management.\t\t\t\t\t<\/p>\n\t\t\t\t\n\t\t\t<\/div>\n\t\t\t\n\t\t<\/div>\n\t\t\t\t\t\t<\/div>\n\t\t\t\t<div class=\"elementor-element elementor-element-8781256 elementor-widget elementor-widget-heading\" data-id=\"8781256\" data-element_type=\"widget\" data-e-type=\"widget\" data-widget_type=\"heading.default\">\n\t\t\t\t\t<h2 class=\"elementor-heading-title elementor-size-default\">Amenities <\/h2>\t\t\t\t<\/div>\n\t\t\t\t<div class=\"elementor-element elementor-element-6753b968 elementor-widget elementor-widget-html\" data-id=\"6753b968\" data-element_type=\"widget\" data-e-type=\"widget\" data-widget_type=\"html.default\">\n\t\t\t\t\t<!-- ====== HIGHLIGHTS + M\u00c9TRICAS (AXIA) ====== -->\r\n<div id=\"ax-highlights\">\r\n\r\n  <!-- Cuadritos \/ highlights -->\r\n  <section class=\"ax-cards\">\r\n    <article class=\"ax-card\">\r\n      <h4><span><\/span>Unspoiled beaches<\/h4>\r\n      <p>Miles of white sand and crystal clear waters<\/p>\r\n    <\/article>\r\n\r\n    <article class=\"ax-card\">\r\n      <h4><span><\/span>Green reserve<\/h4>\r\n      <p>Over 26,000 m\u00b2 of natural spaces.<\/p>\r\n    <\/article>\r\n\r\n    <article class=\"ax-card\">\r\n      <h4><span><\/span>Sports club<\/h4>\r\n      <p>Padel, tennis, and basketball courts.<\/p>\r\n    <\/article>\r\n\r\n    <article class=\"ax-card\">\r\n      <h4><span><\/span>Beach Club<\/h4>\r\n      <p>Seafront with international cuisine.<\/p>\r\n    <\/article>\r\n\r\n    <article class=\"ax-card\">\r\n      <h4><span><\/span>Nature trails<\/h4>\r\n      <p>Perfect for hiking and outdoor sports.<\/p>\r\n    <\/article>\r\n    \r\n    <article class=\"ax-card\">\r\n      <h4><span><\/span>Multicultural cuisine<\/h4>\r\n      <p>Wide range of restaurants, caf\u00e9s, and bars facing the sea.<\/p>\r\n    <\/article>\r\n  <\/section>\r\n\r\n<\/div>\r\n\r\n<style>\r\n\/* ===== Encapsulado para no chocar con Elementor ===== *\/\r\n#ax-highlights{\r\n  --ax-blue:#091E3E;\r\n  --ax-gold:#B89F3A;\r\n  --ax-ink:#1a1f2b;\r\n  --ax-line:rgba(9,30,62,.18);\r\n  --ax-bg:#fff;\r\n  font-family: \"Segoe UI\",system-ui,Arial,sans-serif;\r\n  color:#2b2f36;\r\n}\r\n\r\n\/* ---------- Cards grid ---------- *\/\r\n#ax-highlights .ax-cards{\r\n  display:grid;\r\n  grid-template-columns:repeat(5,minmax(220px,1fr));\r\n  gap:16px;\r\n  margin:18px 0 22px;\r\n}\r\n\r\n#ax-highlights .ax-card{\r\n  background:#fff;\r\n  border:1px solid var(--ax-line);\r\n  border-radius:10px;\r\n  padding:16px 16px 14px;\r\n  box-shadow:0 6px 14px rgba(9,30,62,.06);\r\n  transition:transform .15s ease, box-shadow .15s ease, border-color .15s ease;\r\n  height:100%;\r\n  display:flex;flex-direction:column;\r\n}\r\n\r\n#ax-highlights .ax-card:hover{\r\n  transform:translateY(-2px);\r\n  border-color:rgba(184,159,58,.45);\r\n  box-shadow:0 10px 20px rgba(9,30,62,.10);\r\n}\r\n\r\n#ax-highlights .ax-card h4{\r\n  margin:0 0 8px;\r\n  font-size:15.5px;\r\n  font-weight:800;\r\n  color:var(--ax-blue);\r\n  display:flex;align-items:center;gap:8px;\r\n  line-height:1.25;\r\n}\r\n\r\n\/* \u201cBala\u201d dorada al lado del t\u00edtulo *\/\r\n#ax-highlights .ax-card h4 span{\r\n  display:inline-block;\r\n  width:10px;height:10px;\r\n  border-radius:2px;\r\n  background:var(--ax-gold);\r\n  box-shadow:0 0 0 2px rgba(184,159,58,.15);\r\n}\r\n\r\n#ax-highlights .ax-card p{\r\n  margin:0;\r\n  font-size:14.5px;\r\n  line-height:1.55;\r\n  color:#3b4658;\r\n}\r\n\r\n\/* ---------- Tabla \/ m\u00e9tricas ---------- *\/\r\n#ax-highlights .ax-table-wrap{\r\n  overflow:auto;\r\n  border-radius:10px;\r\n  border:1px solid var(--ax-line);\r\n}\r\n\r\n#ax-highlights .ax-table{\r\n  width:100%;\r\n  border-collapse:collapse;\r\n  min-width:720px; \/* evita que se comprima demasiado en m\u00f3vil *\/\r\n  background:#fff;\r\n}\r\n\r\n#ax-highlights .ax-table thead th{\r\n  background:linear-gradient(0deg, rgba(9,30,62,.96), rgba(9,30,62,.92));\r\n  color:#fff;\r\n  font-weight:800;\r\n  font-size:14px;\r\n  letter-spacing:.2px;\r\n  padding:12px 14px;\r\n  text-align:center;\r\n  border-right:1px solid rgba(255,255,255,.12);\r\n}\r\n#ax-highlights .ax-table thead th:last-child{border-right:none}\r\n\r\n\/* l\u00ednea inferior dorada al header *\/\r\n#ax-highlights .ax-table thead tr{\r\n  position:relative;\r\n}\r\n#ax-highlights .ax-table thead tr::after{\r\n  content:\"\";\r\n  position:absolute;left:0;right:0;bottom:0;height:3px;\r\n  background:var(--ax-gold);\r\n}\r\n\r\n#ax-highlights .ax-table tbody td{\r\n  border-top:1px solid var(--ax-line);\r\n  padding:14px;\r\n  font-size:14.5px;\r\n  color:#2f3746;\r\n  text-align:center;\r\n}\r\n\r\n\/* ---------- Responsive ---------- *\/\r\n@media (max-width:1200px){\r\n  #ax-highlights .ax-cards{grid-template-columns:repeat(4,minmax(220px,1fr))}\r\n}\r\n@media (max-width:980px){\r\n  #ax-highlights .ax-cards{grid-template-columns:repeat(3,minmax(220px,1fr))}\r\n}\r\n@media (max-width:720px){\r\n  #ax-highlights .ax-cards{grid-template-columns:repeat(2,minmax(200px,1fr))}\r\n}\r\n@media (max-width:480px){\r\n  #ax-highlights .ax-cards{grid-template-columns:1fr}\r\n  #ax-highlights .ax-card{padding:14px}\r\n  #ax-highlights .ax-card h4{font-size:15px}\r\n  #ax-highlights .ax-card p{font-size:14px}\r\n}\r\n<\/style>\r\n\t\t\t\t<\/div>\n\t\t<div class=\"elementor-element elementor-element-2e5d9b1e e-con-full e-flex e-con e-child\" data-id=\"2e5d9b1e\" data-element_type=\"container\" data-e-type=\"container\">\n\t\t\t\t<div class=\"elementor-element elementor-element-7533eb0 elementor-widget elementor-widget-text-editor\" data-id=\"7533eb0\" data-element_type=\"widget\" data-e-type=\"widget\" data-widget_type=\"text-editor.default\">\n\t\t\t\t\t\t\t\t\t<h4><b>Frequently Asked Questions<\/b><\/h4><p>Does the CONFOTUR Law apply to projects in Las Terrenas?<\/p><p>Yes, our projects are covered by the CONFOTUR Law, with tax exemptions of up to 15 years.<\/p><p>Who are the main residents or tenants?<\/p><p>Europeans, retirees, international tourists, and digital nomads.<\/p><p>What sets Las Terrenas apart from other communities?<\/p><p>Its bohemian atmosphere, pristine beaches, and absence of large all-inclusive resorts maintain its authenticity and unique appeal.<\/p><p>Is financing available?<\/p><p>Yes, the projects allow payment plans during construction and access to local or international mortgage loans.<\/p><p>Why does Las Terrenas have such high capital gains?<\/p><p>It is an emerging market. Unlike more established areas, it still has considerable room for growth. Growing international demand and limited supply of new projects are driving prices up rapidly.<\/p><p>Is it difficult to get to Las Terrenas?<\/p><p>No, the infrastructure has improved dramatically. El Catey International Airport (AZS) is only 25 minutes away, and the Coral Highway connects the area to Santo Domingo in approximately 2 hours.<\/p>\t\t\t\t\t\t\t\t<\/div>\n\t\t\t\t<\/div>\n\t\t\t\t<\/div>\n\t\t\t\t<\/div>\n\t\t\t\t<\/div>\n\t\t\t\t<\/div>","protected":false},"excerpt":{"rendered":"<p>Las Terrenas El encanto bohemio del Caribe Un destino que combina la autenticidad de un pueblo caribe\u00f1o con un ambiente cosmopolita. Ideal para inversores que buscan un mercado emergente con una plusval\u00eda excepcional. Ubicaci\u00f3n Las Terrenas, Samana, Rep.Dominicana, Las Brisas. Lo mejor de Las Terrenas Playas ic\u00f3nicas: Playa Bonita, Playa Cos\u00f3n y decenas de kil\u00f3metros [&hellip;]<\/p>","protected":false},"author":1,"featured_media":4522,"parent":1688,"menu_order":0,"comment_status":"closed","ping_status":"closed","template":"","meta":{"footnotes":""},"class_list":["post-4326","page","type-page","status-publish","has-post-thumbnail","hentry"],"_links":{"self":[{"href":"https:\/\/axiainversiones.com\/en\/wp-json\/wp\/v2\/pages\/4326","targetHints":{"allow":["GET"]}}],"collection":[{"href":"https:\/\/axiainversiones.com\/en\/wp-json\/wp\/v2\/pages"}],"about":[{"href":"https:\/\/axiainversiones.com\/en\/wp-json\/wp\/v2\/types\/page"}],"author":[{"embeddable":true,"href":"https:\/\/axiainversiones.com\/en\/wp-json\/wp\/v2\/users\/1"}],"replies":[{"embeddable":true,"href":"https:\/\/axiainversiones.com\/en\/wp-json\/wp\/v2\/comments?post=4326"}],"version-history":[{"count":14,"href":"https:\/\/axiainversiones.com\/en\/wp-json\/wp\/v2\/pages\/4326\/revisions"}],"predecessor-version":[{"id":4573,"href":"https:\/\/axiainversiones.com\/en\/wp-json\/wp\/v2\/pages\/4326\/revisions\/4573"}],"up":[{"embeddable":true,"href":"https:\/\/axiainversiones.com\/en\/wp-json\/wp\/v2\/pages\/1688"}],"wp:featuredmedia":[{"embeddable":true,"href":"https:\/\/axiainversiones.com\/en\/wp-json\/wp\/v2\/media\/4522"}],"wp:attachment":[{"href":"https:\/\/axiainversiones.com\/en\/wp-json\/wp\/v2\/media?parent=4326"}],"curies":[{"name":"wp","href":"https:\/\/api.w.org\/{rel}","templated":true}]}}